{"id":7127,"date":"2021-07-28T09:24:55","date_gmt":"2021-07-28T09:24:55","guid":{"rendered":"https:\/\/bdsyachting.com\/contact-us\/"},"modified":"2022-04-18T22:08:51","modified_gmt":"2022-04-18T22:08:51","slug":"iletisim","status":"publish","type":"page","link":"https:\/\/bdsyachting.com\/tr\/iletisim\/","title":{"rendered":"\u0130leti\u015fim"},"content":{"rendered":"\t\t<div data-elementor-type=\"wp-page\" data-elementor-id=\"7127\" class=\"elementor elementor-7127 elementor-1414\" data-elementor-settings=\"[]\">\n\t\t\t\t\t\t\t<div class=\"elementor-section-wrap\">\n\t\t\t\t\t\t\t<section class=\"elementor-section elementor-top-section elementor-element elementor-element-fac3bd9 elementor-section-full_width qodef-elementor-content-grid elementor-section-height-default elementor-section-height-default\" data-id=\"fac3bd9\" data-element_type=\"section\">\n\t\t\t\t\t\t<div class=\"elementor-container elementor-column-gap-default\">\n\t\t\t\t\t<div class=\"elementor-column elementor-col-100 elementor-top-column elementor-element elementor-element-43858fb\" data-id=\"43858fb\" data-element_type=\"column\">\n\t\t\t<div class=\"elementor-widget-wrap elementor-element-populated\">\n\t\t\t\t\t\t\t\t<div class=\"elementor-element elementor-element-5e258d7 elementor-widget elementor-widget-seafarer_core_section_title\" data-id=\"5e258d7\" data-element_type=\"widget\" data-widget_type=\"seafarer_core_section_title.default\">\n\t\t\t\t<div class=\"elementor-widget-container\">\n\t\t\t<div class=\"qodef-shortcode qodef-m  qodef-section-title qodef-alignment--center \">\n\t\t<div class=\"qodef-m-image\">\n\t\t<img width=\"74\" height=\"108\" src=\"https:\/\/bdsyachting.com\/wp-content\/uploads\/2021\/07\/Sidebar-img.png\" class=\"attachment-full size-full\" alt=\"a\" loading=\"lazy\" \/>\t<\/div>\n\t<div class=\"qodef-m-content\">\n\t\t    <span class=\"qodef-m-background-text\" >\n    Discover    <\/span>\n\n\t\t    <h6 class=\"qodef-m-subtitle\" >\n    BDS YACHTING    <\/h6>\n\t\t\t<h1 class=\"qodef-m-title\" >\n\t\t\t\t\t\u0130LET\u0130\u015e\u0130M\t\t\t<\/h1>\n\t\t\t<\/div>\n<\/div>\n\t\t<\/div>\n\t\t\t\t<\/div>\n\t\t\t\t<div class=\"elementor-element elementor-element-b00d4f8 elementor-widget elementor-widget-text-editor\" data-id=\"b00d4f8\" data-element_type=\"widget\" data-widget_type=\"text-editor.default\">\n\t\t\t\t<div class=\"elementor-widget-container\">\n\t\t\t<style>\/*! elementor - v3.5.6 - 28-02-2022 *\/\n.elementor-widget-text-editor.elementor-drop-cap-view-stacked .elementor-drop-cap{background-color:#818a91;color:#fff}.elementor-widget-text-editor.elementor-drop-cap-view-framed .elementor-drop-cap{color:#818a91;border:3px solid;background-color:transparent}.elementor-widget-text-editor:not(.elementor-drop-cap-view-default) .elementor-drop-cap{margin-top:8px}.elementor-widget-text-editor:not(.elementor-drop-cap-view-default) .elementor-drop-cap-letter{width:1em;height:1em}.elementor-widget-text-editor .elementor-drop-cap{float:left;text-align:center;line-height:1;font-size:50px}.elementor-widget-text-editor .elementor-drop-cap-letter{display:inline-block}<\/style>\t\t\t\t\t\t\t\t\t\t<\/div>\n\t\t\t\t<\/div>\n\t\t\t\t\t<\/div>\n\t\t<\/div>\n\t\t\t\t\t\t\t<\/div>\n\t\t<\/section>\n\t\t\t\t<section class=\"elementor-section elementor-top-section elementor-element elementor-element-0f92f52 elementor-section-full_width qodef-elementor-content-grid elementor-section-height-default elementor-section-height-default\" data-id=\"0f92f52\" data-element_type=\"section\">\n\t\t\t\t\t\t<div class=\"elementor-container elementor-column-gap-default\">\n\t\t\t\t\t<div class=\"elementor-column elementor-col-100 elementor-top-column elementor-element elementor-element-22e24f0\" data-id=\"22e24f0\" data-element_type=\"column\">\n\t\t\t<div class=\"elementor-widget-wrap elementor-element-populated\">\n\t\t\t\t\t\t\t\t<div class=\"elementor-element elementor-element-fdf97ec elementor-widget elementor-widget-seafarer_core_google_map\" data-id=\"fdf97ec\" data-element_type=\"widget\" data-widget_type=\"seafarer_core_google_map.default\">\n\t\t\t\t<div class=\"elementor-widget-container\">\n\t\t\t<div class=\"qodef-shortcode qodef-m  qodef-google-map\">\n\t<div class=\"qodef-m-map\" id=\"qodef-map-id--447\" data-addresses='[\"Pireas 185 38, Greece\"]' data-pin=https:\/\/bdsyachting.com\/wp-content\/uploads\/2021\/10\/Pin.png data-unique-id=447 data-height=400><\/div>\n<\/div>\n\t\t<\/div>\n\t\t\t\t<\/div>\n\t\t\t\t\t<\/div>\n\t\t<\/div>\n\t\t\t\t\t\t\t<\/div>\n\t\t<\/section>\n\t\t\t\t<section class=\"elementor-section elementor-top-section elementor-element elementor-element-d062919 elementor-section-full_width qodef-elementor-content-grid elementor-section-height-default elementor-section-height-default\" data-id=\"d062919\" data-element_type=\"section\">\n\t\t\t\t\t\t<div class=\"elementor-container elementor-column-gap-default\">\n\t\t\t\t\t<div class=\"elementor-column elementor-col-50 elementor-top-column elementor-element elementor-element-d564271\" data-id=\"d564271\" data-element_type=\"column\">\n\t\t\t<div class=\"elementor-widget-wrap elementor-element-populated\">\n\t\t\t\t\t\t\t\t<div class=\"elementor-element elementor-element-756516b elementor-widget elementor-widget-text-editor\" data-id=\"756516b\" data-element_type=\"widget\" data-widget_type=\"text-editor.default\">\n\t\t\t\t<div class=\"elementor-widget-container\">\n\t\t\t\t\t\t\t<h4>Durmu\u015f Ali Konur<\/h4>\t\t\t\t\t\t<\/div>\n\t\t\t\t<\/div>\n\t\t\t\t<div class=\"elementor-element elementor-element-5517af3 elementor-widget elementor-widget-text-editor\" data-id=\"5517af3\" data-element_type=\"widget\" data-widget_type=\"text-editor.default\">\n\t\t\t\t<div class=\"elementor-widget-container\">\n\t\t\t\t\t\t\t<p><a href=\"tel:+905314912874\">+90 531 491 2874<\/a><\/p>\t\t\t\t\t\t<\/div>\n\t\t\t\t<\/div>\n\t\t\t\t<div class=\"elementor-element elementor-element-4f4d7fc elementor-widget elementor-widget-text-editor\" data-id=\"4f4d7fc\" data-element_type=\"widget\" data-widget_type=\"text-editor.default\">\n\t\t\t\t<div class=\"elementor-widget-container\">\n\t\t\t\t\t\t\t<p>Sat\u0131\u015f M\u00fcd\u00fcr\u00fc, G\u00f6cek\/Fethiye<\/p>\t\t\t\t\t\t<\/div>\n\t\t\t\t<\/div>\n\t\t\t\t<div class=\"elementor-element elementor-element-ff22f68 elementor-widget elementor-widget-text-editor\" data-id=\"ff22f68\" data-element_type=\"widget\" data-widget_type=\"text-editor.default\">\n\t\t\t\t<div class=\"elementor-widget-container\">\n\t\t\t\t\t\t\t<a href=\"mailto:bdsyachting@gmail.com\">bdsyachting@gmail.com<\/a>\t\t\t\t\t\t<\/div>\n\t\t\t\t<\/div>\n\t\t\t\t<div class=\"elementor-element elementor-element-5ea23ca elementor-widget elementor-widget-text-editor\" data-id=\"5ea23ca\" data-element_type=\"widget\" data-widget_type=\"text-editor.default\">\n\t\t\t\t<div class=\"elementor-widget-container\">\n\t\t\t\t\t\t\t<p>24 saat i\u00e7inde cevap veriyoruz<\/p>\t\t\t\t\t\t<\/div>\n\t\t\t\t<\/div>\n\t\t\t\t\t<\/div>\n\t\t<\/div>\n\t\t\t\t<div class=\"elementor-column elementor-col-50 elementor-top-column elementor-element elementor-element-71c89bc\" data-id=\"71c89bc\" data-element_type=\"column\">\n\t\t\t<div class=\"elementor-widget-wrap elementor-element-populated\">\n\t\t\t\t\t\t\t\t<div class=\"elementor-element elementor-element-b14ac4b elementor-widget elementor-widget-text-editor\" data-id=\"b14ac4b\" data-element_type=\"widget\" data-widget_type=\"text-editor.default\">\n\t\t\t\t<div class=\"elementor-widget-container\">\n\t\t\t\t\t\t\t<h4>Bu\u011fra Mutlu<\/h4>\t\t\t\t\t\t<\/div>\n\t\t\t\t<\/div>\n\t\t\t\t<div class=\"elementor-element elementor-element-c32a968 elementor-widget elementor-widget-text-editor\" data-id=\"c32a968\" data-element_type=\"widget\" data-widget_type=\"text-editor.default\">\n\t\t\t\t<div class=\"elementor-widget-container\">\n\t\t\t\t\t\t\t<a href=\"tel:+905544060231\">+90 554 406 0231<\/a>\t\t\t\t\t\t<\/div>\n\t\t\t\t<\/div>\n\t\t\t\t<div class=\"elementor-element elementor-element-20d35d9 elementor-widget elementor-widget-text-editor\" data-id=\"20d35d9\" data-element_type=\"widget\" data-widget_type=\"text-editor.default\">\n\t\t\t\t<div class=\"elementor-widget-container\">\n\t\t\t\t\t\t\t<p>Kiralama Y\u00f6neticisi, G\u00f6cek\/Fethiye<\/p>\t\t\t\t\t\t<\/div>\n\t\t\t\t<\/div>\n\t\t\t\t<div class=\"elementor-element elementor-element-ee35bf0 elementor-widget elementor-widget-text-editor\" data-id=\"ee35bf0\" data-element_type=\"widget\" data-widget_type=\"text-editor.default\">\n\t\t\t\t<div class=\"elementor-widget-container\">\n\t\t\t\t\t\t\t<a href=\"mailto:info@bdsyacht\u0131ng.com\">info@bdsyacht\u0131ng.com<\/a>\t\t\t\t\t\t<\/div>\n\t\t\t\t<\/div>\n\t\t\t\t<div class=\"elementor-element elementor-element-4b3f7ae elementor-widget elementor-widget-text-editor\" data-id=\"4b3f7ae\" data-element_type=\"widget\" data-widget_type=\"text-editor.default\">\n\t\t\t\t<div class=\"elementor-widget-container\">\n\t\t\t\t\t\t\t<p>24 saat i\u00e7inde cevap veriyoruz<\/p>\t\t\t\t\t\t<\/div>\n\t\t\t\t<\/div>\n\t\t\t\t\t<\/div>\n\t\t<\/div>\n\t\t\t\t\t\t\t<\/div>\n\t\t<\/section>\n\t\t\t\t<section class=\"elementor-section elementor-top-section elementor-element elementor-element-69863de elementor-section-full_width qodef-elementor-content-grid elementor-section-height-default elementor-section-height-default\" data-id=\"69863de\" data-element_type=\"section\" data-settings=\"{&quot;background_background&quot;:&quot;classic&quot;}\">\n\t\t\t\t\t\t<div class=\"elementor-container elementor-column-gap-default\">\n\t\t\t\t\t<div class=\"elementor-column elementor-col-50 elementor-top-column elementor-element elementor-element-744c5b8\" data-id=\"744c5b8\" data-element_type=\"column\">\n\t\t\t<div class=\"elementor-widget-wrap elementor-element-populated\">\n\t\t\t\t\t\t\t\t<div class=\"elementor-element elementor-element-246ce76 elementor-widget elementor-widget-seafarer_core_section_title\" data-id=\"246ce76\" data-element_type=\"widget\" data-widget_type=\"seafarer_core_section_title.default\">\n\t\t\t\t<div class=\"elementor-widget-container\">\n\t\t\t<div class=\"qodef-shortcode qodef-m  qodef-section-title qodef-alignment--left \">\n\t\t<div class=\"qodef-m-content\">\n\t\t    <span class=\"qodef-m-background-text\" style=\"color: #BFA888;opacity: 0.13\">\n    Explore    <\/span>\n\n\t\t    <h6 class=\"qodef-m-subtitle\" >\n    BDS YACHTING    <\/h6>\n\t\t\t<h1 class=\"qodef-m-title\" >\n\t\t\t\t\t\u0130LET\u0130\u015e\u0130M FORMU\t\t\t<\/h1>\n\t\t\t<\/div>\n<\/div>\n\t\t<\/div>\n\t\t\t\t<\/div>\n\t\t\t\t<div class=\"elementor-element elementor-element-3112916 elementor-widget elementor-widget-qi_addons_for_elementor_contact_form_7\" data-id=\"3112916\" data-element_type=\"widget\" data-widget_type=\"qi_addons_for_elementor_contact_form_7.default\">\n\t\t\t\t<div class=\"elementor-widget-container\">\n\t\t\t<div class=\"qodef-shortcode qodef-m  qodef-qi-contact-form-7 \">\n\t<div role=\"form\" class=\"wpcf7\" id=\"wpcf7-f7126-o1\" lang=\"tr-TR\" dir=\"ltr\">\n<div class=\"screen-reader-response\"><p role=\"status\" aria-live=\"polite\" aria-atomic=\"true\"><\/p> <ul><\/ul><\/div>\n<form action=\"\/tr\/wp-json\/wp\/v2\/pages\/7127#wpcf7-f7126-o1\" method=\"post\" class=\"wpcf7-form init\" novalidate=\"novalidate\" data-status=\"init\">\n<div style=\"display: none;\">\n<input type=\"hidden\" name=\"_wpcf7\" value=\"7126\" \/>\n<input type=\"hidden\" name=\"_wpcf7_version\" value=\"5.5.6\" \/>\n<input type=\"hidden\" name=\"_wpcf7_locale\" value=\"tr_TR\" \/>\n<input type=\"hidden\" name=\"_wpcf7_unit_tag\" value=\"wpcf7-f7126-o1\" \/>\n<input type=\"hidden\" name=\"_wpcf7_container_post\" value=\"0\" \/>\n<input type=\"hidden\" name=\"_wpcf7_posted_data_hash\" value=\"\" \/>\n<\/div>\n<label> \u0130sminiz\n    <span class=\"wpcf7-form-control-wrap your-name\"><input type=\"text\" name=\"your-name\" value=\"\" size=\"40\" class=\"wpcf7-form-control wpcf7-text wpcf7-validates-as-required\" aria-required=\"true\" aria-invalid=\"false\" \/><\/span> <\/label>\n\n<label> E-mail\n    <span class=\"wpcf7-form-control-wrap your-email\"><input type=\"email\" name=\"your-email\" value=\"\" size=\"40\" class=\"wpcf7-form-control wpcf7-text wpcf7-email wpcf7-validates-as-required wpcf7-validates-as-email\" aria-required=\"true\" aria-invalid=\"false\" \/><\/span> <\/label>\n\n<label> Konu\n    <span class=\"wpcf7-form-control-wrap your-subject\"><input type=\"text\" name=\"your-subject\" value=\"\" size=\"40\" class=\"wpcf7-form-control wpcf7-text wpcf7-validates-as-required\" aria-required=\"true\" aria-invalid=\"false\" \/><\/span> <\/label>\n\n<label> Mesaj\u0131n\u0131z\n    <span class=\"wpcf7-form-control-wrap your-message\"><textarea name=\"your-message\" cols=\"40\" rows=\"10\" class=\"wpcf7-form-control wpcf7-textarea\" aria-invalid=\"false\"><\/textarea><\/span> <\/label>\n\n<button type=\"submit\" class=\"wpcf7-form-control wpcf7-submit qodef-button qodef-size--normal qodef-layout--filled qodef-m\"><span class=\"qodef-m-text\">G\u00f6nder<\/span><\/button><div class=\"wpcf7-response-output\" aria-hidden=\"true\"><\/div><\/form><\/div><\/div>\n\t\t<\/div>\n\t\t\t\t<\/div>\n\t\t\t\t\t<\/div>\n\t\t<\/div>\n\t\t\t\t<div class=\"elementor-column elementor-col-50 elementor-top-column elementor-element elementor-element-49b3aca\" data-id=\"49b3aca\" data-element_type=\"column\">\n\t\t\t<div class=\"elementor-widget-wrap elementor-element-populated\">\n\t\t\t\t\t\t\t\t<div class=\"elementor-element elementor-element-f9adc58 elementor-widget elementor-widget-seafarer_core_single_image\" data-id=\"f9adc58\" data-element_type=\"widget\" data-widget_type=\"seafarer_core_single_image.default\">\n\t\t\t\t<div class=\"elementor-widget-container\">\n\t\t\t<div class=\"qodef-shortcode qodef-m  qodef-single-image qodef-layout--default   \"  >\n\t\t<span class=\"qodef-m-border--top-left\"><\/span>\n\t<span class=\"qodef-m-border--bottom-right\"><\/span>\n\t<div class=\"qodef-m-image\">\n\t\t\t\t\t<img width=\"1300\" height=\"1206\" src=\"https:\/\/bdsyachting.com\/wp-content\/uploads\/2022\/04\/luxury-charter-gulet-carpe-diem-7-at-anchor-1300x1206.jpg\" class=\"attachment-seafarer_core_image_size_huge-square size-seafarer_core_image_size_huge-square\" alt=\"\" loading=\"lazy\" \/>\t\t\t<\/div>\n<\/div>\n\t\t<\/div>\n\t\t\t\t<\/div>\n\t\t\t\t\t<\/div>\n\t\t<\/div>\n\t\t\t\t\t\t\t<\/div>\n\t\t<\/section>\n\t\t\t\t\t\t<\/div>\n\t\t\t\t\t<\/div>\n\t\t","protected":false},"excerpt":{"rendered":"<p>Discover BDS YACHTING \u0130LET\u0130\u015e\u0130M Durmu\u015f Ali Konur +90 531 491 2874 Sat\u0131\u015f M\u00fcd\u00fcr\u00fc, G\u00f6cek\/Fethiye bdsyachting@gmail.com 24 saat i\u00e7inde cevap veriyoruz Bu\u011fra Mutlu +90 554 406 0231 Kiralama Y\u00f6neticisi, G\u00f6cek\/Fethiye info@bdsyacht\u0131ng.com 24 saat i\u00e7inde cevap veriyoruz Explore BDS YACHTING \u0130LET\u0130\u015e\u0130M FORMU Your name Your email Subject Your message (optional) Submit<\/p>\n","protected":false},"author":1,"featured_media":0,"parent":0,"menu_order":0,"comment_status":"closed","ping_status":"closed","template":"page-full-width.php","meta":[],"yoast_head":"<!-- This site is optimized with the Yoast SEO plugin v20.6 - https:\/\/yoast.com\/wordpress\/plugins\/seo\/ -->\n<title>\u0130leti\u015fim - BDS Yachting<\/title>\n<meta name=\"robots\" content=\"index, follow, max-snippet:-1, max-image-preview:large, max-video-preview:-1\" \/>\n<link rel=\"canonical\" href=\"https:\/\/bdsyachting.com\/tr\/iletisim\/\" \/>\n<meta property=\"og:locale\" content=\"tr_TR\" \/>\n<meta property=\"og:type\" content=\"article\" \/>\n<meta property=\"og:title\" content=\"\u0130leti\u015fim - BDS Yachting\" \/>\n<meta property=\"og:description\" content=\"Discover BDS YACHTING \u0130LET\u0130\u015e\u0130M Durmu\u015f Ali Konur +90 531 491 2874 Sat\u0131\u015f M\u00fcd\u00fcr\u00fc, G\u00f6cek\/Fethiye bdsyachting@gmail.com 24 saat i\u00e7inde cevap veriyoruz Bu\u011fra Mutlu +90 554 406 0231 Kiralama Y\u00f6neticisi, G\u00f6cek\/Fethiye info@bdsyacht\u0131ng.com 24 saat i\u00e7inde cevap veriyoruz Explore BDS YACHTING \u0130LET\u0130\u015e\u0130M FORMU Your name Your email Subject Your message (optional) Submit\" \/>\n<meta property=\"og:url\" content=\"https:\/\/bdsyachting.com\/tr\/iletisim\/\" \/>\n<meta property=\"og:site_name\" content=\"BDS Yachting\" \/>\n<meta property=\"article:modified_time\" content=\"2022-04-18T22:08:51+00:00\" \/>\n<meta property=\"og:image\" content=\"https:\/\/bdsyachting.com\/wp-content\/uploads\/2021\/07\/Sidebar-img.png\" \/>\n<meta name=\"twitter:card\" content=\"summary_large_image\" \/>\n<meta name=\"twitter:label1\" content=\"Tahmini okuma s\u00fcresi\" \/>\n\t<meta name=\"twitter:data1\" content=\"1 dakika\" \/>\n<script type=\"application\/ld+json\" class=\"yoast-schema-graph\">{\"@context\":\"https:\/\/schema.org\",\"@graph\":[{\"@type\":\"WebPage\",\"@id\":\"https:\/\/bdsyachting.com\/tr\/iletisim\/\",\"url\":\"https:\/\/bdsyachting.com\/tr\/iletisim\/\",\"name\":\"\u0130leti\u015fim - BDS Yachting\",\"isPartOf\":{\"@id\":\"https:\/\/bdsyachting.com\/#website\"},\"datePublished\":\"2021-07-28T09:24:55+00:00\",\"dateModified\":\"2022-04-18T22:08:51+00:00\",\"breadcrumb\":{\"@id\":\"https:\/\/bdsyachting.com\/tr\/iletisim\/#breadcrumb\"},\"inLanguage\":\"tr\",\"potentialAction\":[{\"@type\":\"ReadAction\",\"target\":[\"https:\/\/bdsyachting.com\/tr\/iletisim\/\"]}]},{\"@type\":\"BreadcrumbList\",\"@id\":\"https:\/\/bdsyachting.com\/tr\/iletisim\/#breadcrumb\",\"itemListElement\":[{\"@type\":\"ListItem\",\"position\":1,\"name\":\"Home\",\"item\":\"https:\/\/bdsyachting.com\/tr\/\"},{\"@type\":\"ListItem\",\"position\":2,\"name\":\"\u0130leti\u015fim\"}]},{\"@type\":\"WebSite\",\"@id\":\"https:\/\/bdsyachting.com\/#website\",\"url\":\"https:\/\/bdsyachting.com\/\",\"name\":\"BDS Yachting\",\"description\":\"\",\"publisher\":{\"@id\":\"https:\/\/bdsyachting.com\/#organization\"},\"potentialAction\":[{\"@type\":\"SearchAction\",\"target\":{\"@type\":\"EntryPoint\",\"urlTemplate\":\"https:\/\/bdsyachting.com\/?s={search_term_string}\"},\"query-input\":\"required name=search_term_string\"}],\"inLanguage\":\"tr\"},{\"@type\":\"Organization\",\"@id\":\"https:\/\/bdsyachting.com\/#organization\",\"name\":\"BDS Yachting\",\"url\":\"https:\/\/bdsyachting.com\/\",\"logo\":{\"@type\":\"ImageObject\",\"inLanguage\":\"tr\",\"@id\":\"https:\/\/bdsyachting.com\/#\/schema\/logo\/image\/\",\"url\":\"https:\/\/bdsyachting.com\/wp-content\/uploads\/2022\/02\/logo.png\",\"contentUrl\":\"https:\/\/bdsyachting.com\/wp-content\/uploads\/2022\/02\/logo.png\",\"width\":82,\"height\":74,\"caption\":\"BDS Yachting\"},\"image\":{\"@id\":\"https:\/\/bdsyachting.com\/#\/schema\/logo\/image\/\"}}]}<\/script>\n<!-- \/ Yoast SEO plugin. -->","yoast_head_json":{"title":"\u0130leti\u015fim - BDS Yachting","robots":{"index":"index","follow":"follow","max-snippet":"max-snippet:-1","max-image-preview":"max-image-preview:large","max-video-preview":"max-video-preview:-1"},"canonical":"https:\/\/bdsyachting.com\/tr\/iletisim\/","og_locale":"tr_TR","og_type":"article","og_title":"\u0130leti\u015fim - BDS Yachting","og_description":"Discover BDS YACHTING \u0130LET\u0130\u015e\u0130M Durmu\u015f Ali Konur +90 531 491 2874 Sat\u0131\u015f M\u00fcd\u00fcr\u00fc, G\u00f6cek\/Fethiye bdsyachting@gmail.com 24 saat i\u00e7inde cevap veriyoruz Bu\u011fra Mutlu +90 554 406 0231 Kiralama Y\u00f6neticisi, G\u00f6cek\/Fethiye info@bdsyacht\u0131ng.com 24 saat i\u00e7inde cevap veriyoruz Explore BDS YACHTING \u0130LET\u0130\u015e\u0130M FORMU Your name Your email Subject Your message (optional) Submit","og_url":"https:\/\/bdsyachting.com\/tr\/iletisim\/","og_site_name":"BDS Yachting","article_modified_time":"2022-04-18T22:08:51+00:00","og_image":[{"url":"https:\/\/bdsyachting.com\/wp-content\/uploads\/2021\/07\/Sidebar-img.png"}],"twitter_card":"summary_large_image","twitter_misc":{"Tahmini okuma s\u00fcresi":"1 dakika"},"schema":{"@context":"https:\/\/schema.org","@graph":[{"@type":"WebPage","@id":"https:\/\/bdsyachting.com\/tr\/iletisim\/","url":"https:\/\/bdsyachting.com\/tr\/iletisim\/","name":"\u0130leti\u015fim - BDS Yachting","isPartOf":{"@id":"https:\/\/bdsyachting.com\/#website"},"datePublished":"2021-07-28T09:24:55+00:00","dateModified":"2022-04-18T22:08:51+00:00","breadcrumb":{"@id":"https:\/\/bdsyachting.com\/tr\/iletisim\/#breadcrumb"},"inLanguage":"tr","potentialAction":[{"@type":"ReadAction","target":["https:\/\/bdsyachting.com\/tr\/iletisim\/"]}]},{"@type":"BreadcrumbList","@id":"https:\/\/bdsyachting.com\/tr\/iletisim\/#breadcrumb","itemListElement":[{"@type":"ListItem","position":1,"name":"Home","item":"https:\/\/bdsyachting.com\/tr\/"},{"@type":"ListItem","position":2,"name":"\u0130leti\u015fim"}]},{"@type":"WebSite","@id":"https:\/\/bdsyachting.com\/#website","url":"https:\/\/bdsyachting.com\/","name":"BDS Yachting","description":"","publisher":{"@id":"https:\/\/bdsyachting.com\/#organization"},"potentialAction":[{"@type":"SearchAction","target":{"@type":"EntryPoint","urlTemplate":"https:\/\/bdsyachting.com\/?s={search_term_string}"},"query-input":"required name=search_term_string"}],"inLanguage":"tr"},{"@type":"Organization","@id":"https:\/\/bdsyachting.com\/#organization","name":"BDS Yachting","url":"https:\/\/bdsyachting.com\/","logo":{"@type":"ImageObject","inLanguage":"tr","@id":"https:\/\/bdsyachting.com\/#\/schema\/logo\/image\/","url":"https:\/\/bdsyachting.com\/wp-content\/uploads\/2022\/02\/logo.png","contentUrl":"https:\/\/bdsyachting.com\/wp-content\/uploads\/2022\/02\/logo.png","width":82,"height":74,"caption":"BDS Yachting"},"image":{"@id":"https:\/\/bdsyachting.com\/#\/schema\/logo\/image\/"}}]}},"_links":{"self":[{"href":"https:\/\/bdsyachting.com\/tr\/wp-json\/wp\/v2\/pages\/7127"}],"collection":[{"href":"https:\/\/bdsyachting.com\/tr\/wp-json\/wp\/v2\/pages"}],"about":[{"href":"https:\/\/bdsyachting.com\/tr\/wp-json\/wp\/v2\/types\/page"}],"author":[{"embeddable":true,"href":"https:\/\/bdsyachting.com\/tr\/wp-json\/wp\/v2\/users\/1"}],"replies":[{"embeddable":true,"href":"https:\/\/bdsyachting.com\/tr\/wp-json\/wp\/v2\/comments?post=7127"}],"version-history":[{"count":4,"href":"https:\/\/bdsyachting.com\/tr\/wp-json\/wp\/v2\/pages\/7127\/revisions"}],"predecessor-version":[{"id":7131,"href":"https:\/\/bdsyachting.com\/tr\/wp-json\/wp\/v2\/pages\/7127\/revisions\/7131"}],"wp:attachment":[{"href":"https:\/\/bdsyachting.com\/tr\/wp-json\/wp\/v2\/media?parent=7127"}],"curies":[{"name":"wp","href":"https:\/\/api.w.org\/{rel}","templated":true}]}}