{"id":7134,"date":"2021-07-26T12:39:09","date_gmt":"2021-07-26T12:39:09","guid":{"rendered":"https:\/\/bdsyachting.com\/yat-imalat\/"},"modified":"2022-04-18T22:13:00","modified_gmt":"2022-04-18T22:13:00","slug":"yat-imalat","status":"publish","type":"page","link":"https:\/\/bdsyachting.com\/tr\/yat-imalat\/","title":{"rendered":"Yat \u0130malat"},"content":{"rendered":"\t\t<div data-elementor-type=\"wp-page\" data-elementor-id=\"7134\" class=\"elementor elementor-7134 elementor-989\" data-elementor-settings=\"[]\">\n\t\t\t\t\t\t\t<div class=\"elementor-section-wrap\">\n\t\t\t\t\t\t\t<section class=\"elementor-section elementor-top-section elementor-element elementor-element-7559105 elementor-section-full_width qodef-elementor-content-grid elementor-section-height-default elementor-section-height-default\" data-id=\"7559105\" data-element_type=\"section\" data-settings=\"{&quot;background_background&quot;:&quot;classic&quot;}\">\n\t\t\t\t\t\t<div class=\"elementor-container elementor-column-gap-default\">\n\t\t\t\t\t<div class=\"elementor-column elementor-col-50 elementor-top-column elementor-element elementor-element-093b55f\" data-id=\"093b55f\" data-element_type=\"column\">\n\t\t\t<div class=\"elementor-widget-wrap elementor-element-populated\">\n\t\t\t\t\t\t\t\t<div class=\"elementor-element elementor-element-4c55ec7 elementor-widget elementor-widget-seafarer_core_section_title\" data-id=\"4c55ec7\" data-element_type=\"widget\" data-widget_type=\"seafarer_core_section_title.default\">\n\t\t\t\t<div class=\"elementor-widget-container\">\n\t\t\t<div class=\"qodef-shortcode qodef-m  qodef-section-title qodef-alignment--left \">\n\t\t<div class=\"qodef-m-content\">\n\t\t\n\t\t    <h6 class=\"qodef-m-subtitle\" >\n    BDS YACHTING    <\/h6>\n\t\t\t<h1 class=\"qodef-m-title\" >\n\t\t\t\t\tYAT \u0130MALAT\t\t\t<\/h1>\n\t\t\t<\/div>\n<\/div>\n\t\t<\/div>\n\t\t\t\t<\/div>\n\t\t\t\t<div class=\"elementor-element elementor-element-c44358c elementor-widget elementor-widget-text-editor\" data-id=\"c44358c\" data-element_type=\"widget\" data-widget_type=\"text-editor.default\">\n\t\t\t\t<div class=\"elementor-widget-container\">\n\t\t\t<style>\/*! elementor - v3.5.6 - 28-02-2022 *\/\n.elementor-widget-text-editor.elementor-drop-cap-view-stacked .elementor-drop-cap{background-color:#818a91;color:#fff}.elementor-widget-text-editor.elementor-drop-cap-view-framed .elementor-drop-cap{color:#818a91;border:3px solid;background-color:transparent}.elementor-widget-text-editor:not(.elementor-drop-cap-view-default) .elementor-drop-cap{margin-top:8px}.elementor-widget-text-editor:not(.elementor-drop-cap-view-default) .elementor-drop-cap-letter{width:1em;height:1em}.elementor-widget-text-editor .elementor-drop-cap{float:left;text-align:center;line-height:1;font-size:50px}.elementor-widget-text-editor .elementor-drop-cap-letter{display:inline-block}<\/style>\t\t\t\t<p>T\u00fcrkiye son y\u0131llarda g\u00f6sterilen ba\u015far\u0131larla ah\u015fap tekne imalat\u0131 konusunda D\u00fcnya&#8217;n\u0131n ikinci, mega yat imalat\u0131 konusunda ise \u0130talya ve Amerika Birle\u015fik Devletleri&#8217;nin ard\u0131ndan \u00fc\u00e7\u00fcnc\u00fc b\u00fcy\u00fck end\u00fcstrisi haline gelmi\u015ftir.<\/p><p>BDS Yachting olarak T\u00fcrkiye&#8217;deki yat imalat\u0131 alan\u0131nda yak\u0131n ili\u015fkilerimiz ve uzun y\u0131llara dayanan tecr\u00fcbemizle \u00fclkemizin her b\u00f6lgesinde yat imalat\u0131 konusundaki ihtiya\u00e7lar\u0131n\u0131z\u0131 kar\u015f\u0131lamak \u00fczere hizmetinizdeyiz.<\/p>\t\t\t\t\t\t<\/div>\n\t\t\t\t<\/div>\n\t\t\t\t\t<\/div>\n\t\t<\/div>\n\t\t\t\t<div class=\"elementor-column elementor-col-50 elementor-top-column elementor-element elementor-element-39ea168\" data-id=\"39ea168\" data-element_type=\"column\">\n\t\t\t<div class=\"elementor-widget-wrap elementor-element-populated\">\n\t\t\t\t\t\t\t\t<div class=\"elementor-element elementor-element-3d78801 elementor-widget__width-inherit elementor-widget elementor-widget-seafarer_core_single_image\" data-id=\"3d78801\" data-element_type=\"widget\" data-widget_type=\"seafarer_core_single_image.default\">\n\t\t\t\t<div class=\"elementor-widget-container\">\n\t\t\t<div class=\"qodef-shortcode qodef-m  qodef-single-image qodef-layout--default   \"  >\n\t\t<span class=\"qodef-m-border--top-left\"><\/span>\n\t<span class=\"qodef-m-border--bottom-right\"><\/span>\n\t<div class=\"qodef-m-image\">\n\t\t\t\t\t<img width=\"600\" height=\"600\" src=\"https:\/\/bdsyachting.com\/wp-content\/uploads\/2022\/04\/yat-imalat-6.jpg\" class=\"attachment-full size-full\" alt=\"\" loading=\"lazy\" srcset=\"https:\/\/bdsyachting.com\/wp-content\/uploads\/2022\/04\/yat-imalat-6.jpg 600w, https:\/\/bdsyachting.com\/wp-content\/uploads\/2022\/04\/yat-imalat-6-300x300.jpg 300w, https:\/\/bdsyachting.com\/wp-content\/uploads\/2022\/04\/yat-imalat-6-150x150.jpg 150w, https:\/\/bdsyachting.com\/wp-content\/uploads\/2022\/04\/yat-imalat-6-450x450.jpg 450w, https:\/\/bdsyachting.com\/wp-content\/uploads\/2022\/04\/yat-imalat-6-100x100.jpg 100w\" sizes=\"(max-width: 600px) 100vw, 600px\" \/>\t\t\t<\/div>\n<\/div>\n\t\t<\/div>\n\t\t\t\t<\/div>\n\t\t\t\t\t<\/div>\n\t\t<\/div>\n\t\t\t\t\t\t\t<\/div>\n\t\t<\/section>\n\t\t\t\t<section class=\"elementor-section elementor-top-section elementor-element elementor-element-fad6c64 elementor-section-full_width qodef-elementor-content-grid elementor-section-height-default elementor-section-height-default\" data-id=\"fad6c64\" data-element_type=\"section\" data-settings=\"{&quot;background_background&quot;:&quot;classic&quot;}\">\n\t\t\t\t\t\t<div class=\"elementor-container elementor-column-gap-default\">\n\t\t\t\t\t<div class=\"elementor-column elementor-col-50 elementor-top-column elementor-element elementor-element-a493f2c\" data-id=\"a493f2c\" data-element_type=\"column\">\n\t\t\t<div class=\"elementor-widget-wrap elementor-element-populated\">\n\t\t\t\t\t\t\t\t<div class=\"elementor-element elementor-element-8b25192 elementor-widget elementor-widget-seafarer_core_single_image\" data-id=\"8b25192\" data-element_type=\"widget\" data-widget_type=\"seafarer_core_single_image.default\">\n\t\t\t\t<div class=\"elementor-widget-container\">\n\t\t\t<div class=\"qodef-shortcode qodef-m  qodef-single-image qodef-layout--default   \"  >\n\t\t<span class=\"qodef-m-border--top-left\"><\/span>\n\t<span class=\"qodef-m-border--bottom-right\"><\/span>\n\t<div class=\"qodef-m-image\">\n\t\t\t\t\t<img width=\"600\" height=\"600\" src=\"https:\/\/bdsyachting.com\/wp-content\/uploads\/2022\/04\/yat-imalat-2.jpg\" class=\"attachment-full size-full\" alt=\"\" loading=\"lazy\" srcset=\"https:\/\/bdsyachting.com\/wp-content\/uploads\/2022\/04\/yat-imalat-2.jpg 600w, https:\/\/bdsyachting.com\/wp-content\/uploads\/2022\/04\/yat-imalat-2-300x300.jpg 300w, https:\/\/bdsyachting.com\/wp-content\/uploads\/2022\/04\/yat-imalat-2-150x150.jpg 150w, https:\/\/bdsyachting.com\/wp-content\/uploads\/2022\/04\/yat-imalat-2-450x450.jpg 450w, https:\/\/bdsyachting.com\/wp-content\/uploads\/2022\/04\/yat-imalat-2-100x100.jpg 100w\" sizes=\"(max-width: 600px) 100vw, 600px\" \/>\t\t\t<\/div>\n<\/div>\n\t\t<\/div>\n\t\t\t\t<\/div>\n\t\t\t\t\t<\/div>\n\t\t<\/div>\n\t\t\t\t<div class=\"elementor-column elementor-col-50 elementor-top-column elementor-element elementor-element-9e72c50\" data-id=\"9e72c50\" data-element_type=\"column\">\n\t\t\t<div class=\"elementor-widget-wrap elementor-element-populated\">\n\t\t\t\t\t\t\t\t<div class=\"elementor-element elementor-element-915103a elementor-widget elementor-widget-text-editor\" data-id=\"915103a\" data-element_type=\"widget\" data-widget_type=\"text-editor.default\">\n\t\t\t\t<div class=\"elementor-widget-container\">\n\t\t\t\t\t\t\t<p>BDS Yachting her tekne tipi ve g\u00f6vde materyalinin ayr\u0131 bir tecr\u00fcbe ve bilgi birikimi gerektirdi\u011finin bilinciyle yola \u00e7\u0131karak T\u00fcrkiye&#8217;nin en iyi tasar\u0131mc\u0131lar\u0131, tersaneleri ve m\u00fchendisleri ile birlikte, sizlere imalat fikrinin olu\u015ftu\u011fu a\u015famadan dizayna, \u00fcretime ve teknenizin denize indirilmesine kadar olan t\u00fcm s\u00fcre\u00e7te proje y\u00f6netimi, y\u00f6nlendirme ve dan\u0131\u015fmanl\u0131k hizmetleri vermektedir.<\/p><p>Hayalinizdeki konsepti bize anlatmaya ba\u015flad\u0131\u011f\u0131n\u0131z andan itibaren ekibimiz sizleri ihtiya\u00e7lar\u0131n\u0131z do\u011frultusunda y\u00f6nlendirerek sizin i\u00e7in en do\u011fru alternatifleri \u00f6n\u00fcn\u00fcze sunmaya ba\u015flarlar.\u00a0<\/p><p>Siz sadece bizimle hayalinizi payla\u015f\u0131n, biz onu ger\u00e7ekli\u011fe d\u00f6n\u00fc\u015ft\u00fcrecek en uygun \u00e7\u00f6z\u00fcmleri bir araya getirerek en do\u011fru ve en ekonomik yollarla hayalinize kavu\u015fman\u0131z\u0131 sa\u011flayal\u0131m.<\/p>\t\t\t\t\t\t<\/div>\n\t\t\t\t<\/div>\n\t\t\t\t\t<\/div>\n\t\t<\/div>\n\t\t\t\t\t\t\t<\/div>\n\t\t<\/section>\n\t\t\t\t\t\t<\/div>\n\t\t\t\t\t<\/div>\n\t\t","protected":false},"excerpt":{"rendered":"<p>BDS YACHTING YAT \u0130MALAT T\u00fcrkiye son y\u0131llarda g\u00f6sterilen ba\u015far\u0131larla ah\u015fap tekne imalat\u0131 konusunda D\u00fcnya&#8217;n\u0131n ikinci, mega yat imalat\u0131 konusunda ise \u0130talya ve Amerika Birle\u015fik Devletleri&#8217;nin ard\u0131ndan \u00fc\u00e7\u00fcnc\u00fc b\u00fcy\u00fck end\u00fcstrisi haline gelmi\u015ftir. BDS Yachting olarak T\u00fcrkiye&#8217;deki yat imalat\u0131 alan\u0131nda yak\u0131n ili\u015fkilerimiz ve uzun y\u0131llara dayanan tecr\u00fcbemizle \u00fclkemizin her b\u00f6lgesinde yat imalat\u0131 konusundaki ihtiya\u00e7lar\u0131n\u0131z\u0131 kar\u015f\u0131lamak \u00fczere hizmetinizdeyiz. [&hellip;]<\/p>\n","protected":false},"author":1,"featured_media":0,"parent":0,"menu_order":0,"comment_status":"closed","ping_status":"closed","template":"page-full-width.php","meta":[],"yoast_head":"<!-- This site is optimized with the Yoast SEO plugin v20.6 - https:\/\/yoast.com\/wordpress\/plugins\/seo\/ -->\n<title>Yat \u0130malat - BDS Yachting<\/title>\n<meta name=\"robots\" content=\"index, follow, max-snippet:-1, max-image-preview:large, max-video-preview:-1\" \/>\n<link rel=\"canonical\" href=\"https:\/\/bdsyachting.com\/tr\/yat-imalat\/\" \/>\n<meta property=\"og:locale\" content=\"tr_TR\" \/>\n<meta property=\"og:type\" content=\"article\" \/>\n<meta property=\"og:title\" content=\"Yat \u0130malat - BDS Yachting\" \/>\n<meta property=\"og:description\" content=\"BDS YACHTING YAT \u0130MALAT T\u00fcrkiye son y\u0131llarda g\u00f6sterilen ba\u015far\u0131larla ah\u015fap tekne imalat\u0131 konusunda D\u00fcnya&#8217;n\u0131n ikinci, mega yat imalat\u0131 konusunda ise \u0130talya ve Amerika Birle\u015fik Devletleri&#8217;nin ard\u0131ndan \u00fc\u00e7\u00fcnc\u00fc b\u00fcy\u00fck end\u00fcstrisi haline gelmi\u015ftir. BDS Yachting olarak T\u00fcrkiye&#8217;deki yat imalat\u0131 alan\u0131nda yak\u0131n ili\u015fkilerimiz ve uzun y\u0131llara dayanan tecr\u00fcbemizle \u00fclkemizin her b\u00f6lgesinde yat imalat\u0131 konusundaki ihtiya\u00e7lar\u0131n\u0131z\u0131 kar\u015f\u0131lamak \u00fczere hizmetinizdeyiz. [&hellip;]\" \/>\n<meta property=\"og:url\" content=\"https:\/\/bdsyachting.com\/tr\/yat-imalat\/\" \/>\n<meta property=\"og:site_name\" content=\"BDS Yachting\" \/>\n<meta property=\"article:modified_time\" content=\"2022-04-18T22:13:00+00:00\" \/>\n<meta property=\"og:image\" content=\"https:\/\/bdsyachting.com\/wp-content\/uploads\/2022\/04\/yat-imalat-6.jpg\" \/>\n<meta name=\"twitter:card\" content=\"summary_large_image\" \/>\n<meta name=\"twitter:label1\" content=\"Tahmini okuma s\u00fcresi\" \/>\n\t<meta name=\"twitter:data1\" content=\"2 dakika\" \/>\n<script type=\"application\/ld+json\" class=\"yoast-schema-graph\">{\"@context\":\"https:\/\/schema.org\",\"@graph\":[{\"@type\":\"WebPage\",\"@id\":\"https:\/\/bdsyachting.com\/tr\/yat-imalat\/\",\"url\":\"https:\/\/bdsyachting.com\/tr\/yat-imalat\/\",\"name\":\"Yat \u0130malat - BDS Yachting\",\"isPartOf\":{\"@id\":\"https:\/\/bdsyachting.com\/#website\"},\"datePublished\":\"2021-07-26T12:39:09+00:00\",\"dateModified\":\"2022-04-18T22:13:00+00:00\",\"breadcrumb\":{\"@id\":\"https:\/\/bdsyachting.com\/tr\/yat-imalat\/#breadcrumb\"},\"inLanguage\":\"tr\",\"potentialAction\":[{\"@type\":\"ReadAction\",\"target\":[\"https:\/\/bdsyachting.com\/tr\/yat-imalat\/\"]}]},{\"@type\":\"BreadcrumbList\",\"@id\":\"https:\/\/bdsyachting.com\/tr\/yat-imalat\/#breadcrumb\",\"itemListElement\":[{\"@type\":\"ListItem\",\"position\":1,\"name\":\"Home\",\"item\":\"https:\/\/bdsyachting.com\/tr\/\"},{\"@type\":\"ListItem\",\"position\":2,\"name\":\"Yat \u0130malat\"}]},{\"@type\":\"WebSite\",\"@id\":\"https:\/\/bdsyachting.com\/#website\",\"url\":\"https:\/\/bdsyachting.com\/\",\"name\":\"BDS Yachting\",\"description\":\"\",\"publisher\":{\"@id\":\"https:\/\/bdsyachting.com\/#organization\"},\"potentialAction\":[{\"@type\":\"SearchAction\",\"target\":{\"@type\":\"EntryPoint\",\"urlTemplate\":\"https:\/\/bdsyachting.com\/?s={search_term_string}\"},\"query-input\":\"required name=search_term_string\"}],\"inLanguage\":\"tr\"},{\"@type\":\"Organization\",\"@id\":\"https:\/\/bdsyachting.com\/#organization\",\"name\":\"BDS Yachting\",\"url\":\"https:\/\/bdsyachting.com\/\",\"logo\":{\"@type\":\"ImageObject\",\"inLanguage\":\"tr\",\"@id\":\"https:\/\/bdsyachting.com\/#\/schema\/logo\/image\/\",\"url\":\"https:\/\/bdsyachting.com\/wp-content\/uploads\/2022\/02\/logo.png\",\"contentUrl\":\"https:\/\/bdsyachting.com\/wp-content\/uploads\/2022\/02\/logo.png\",\"width\":82,\"height\":74,\"caption\":\"BDS Yachting\"},\"image\":{\"@id\":\"https:\/\/bdsyachting.com\/#\/schema\/logo\/image\/\"}}]}<\/script>\n<!-- \/ Yoast SEO plugin. -->","yoast_head_json":{"title":"Yat \u0130malat - BDS Yachting","robots":{"index":"index","follow":"follow","max-snippet":"max-snippet:-1","max-image-preview":"max-image-preview:large","max-video-preview":"max-video-preview:-1"},"canonical":"https:\/\/bdsyachting.com\/tr\/yat-imalat\/","og_locale":"tr_TR","og_type":"article","og_title":"Yat \u0130malat - BDS Yachting","og_description":"BDS YACHTING YAT \u0130MALAT T\u00fcrkiye son y\u0131llarda g\u00f6sterilen ba\u015far\u0131larla ah\u015fap tekne imalat\u0131 konusunda D\u00fcnya&#8217;n\u0131n ikinci, mega yat imalat\u0131 konusunda ise \u0130talya ve Amerika Birle\u015fik Devletleri&#8217;nin ard\u0131ndan \u00fc\u00e7\u00fcnc\u00fc b\u00fcy\u00fck end\u00fcstrisi haline gelmi\u015ftir. BDS Yachting olarak T\u00fcrkiye&#8217;deki yat imalat\u0131 alan\u0131nda yak\u0131n ili\u015fkilerimiz ve uzun y\u0131llara dayanan tecr\u00fcbemizle \u00fclkemizin her b\u00f6lgesinde yat imalat\u0131 konusundaki ihtiya\u00e7lar\u0131n\u0131z\u0131 kar\u015f\u0131lamak \u00fczere hizmetinizdeyiz. [&hellip;]","og_url":"https:\/\/bdsyachting.com\/tr\/yat-imalat\/","og_site_name":"BDS Yachting","article_modified_time":"2022-04-18T22:13:00+00:00","og_image":[{"url":"https:\/\/bdsyachting.com\/wp-content\/uploads\/2022\/04\/yat-imalat-6.jpg"}],"twitter_card":"summary_large_image","twitter_misc":{"Tahmini okuma s\u00fcresi":"2 dakika"},"schema":{"@context":"https:\/\/schema.org","@graph":[{"@type":"WebPage","@id":"https:\/\/bdsyachting.com\/tr\/yat-imalat\/","url":"https:\/\/bdsyachting.com\/tr\/yat-imalat\/","name":"Yat \u0130malat - BDS Yachting","isPartOf":{"@id":"https:\/\/bdsyachting.com\/#website"},"datePublished":"2021-07-26T12:39:09+00:00","dateModified":"2022-04-18T22:13:00+00:00","breadcrumb":{"@id":"https:\/\/bdsyachting.com\/tr\/yat-imalat\/#breadcrumb"},"inLanguage":"tr","potentialAction":[{"@type":"ReadAction","target":["https:\/\/bdsyachting.com\/tr\/yat-imalat\/"]}]},{"@type":"BreadcrumbList","@id":"https:\/\/bdsyachting.com\/tr\/yat-imalat\/#breadcrumb","itemListElement":[{"@type":"ListItem","position":1,"name":"Home","item":"https:\/\/bdsyachting.com\/tr\/"},{"@type":"ListItem","position":2,"name":"Yat \u0130malat"}]},{"@type":"WebSite","@id":"https:\/\/bdsyachting.com\/#website","url":"https:\/\/bdsyachting.com\/","name":"BDS Yachting","description":"","publisher":{"@id":"https:\/\/bdsyachting.com\/#organization"},"potentialAction":[{"@type":"SearchAction","target":{"@type":"EntryPoint","urlTemplate":"https:\/\/bdsyachting.com\/?s={search_term_string}"},"query-input":"required name=search_term_string"}],"inLanguage":"tr"},{"@type":"Organization","@id":"https:\/\/bdsyachting.com\/#organization","name":"BDS Yachting","url":"https:\/\/bdsyachting.com\/","logo":{"@type":"ImageObject","inLanguage":"tr","@id":"https:\/\/bdsyachting.com\/#\/schema\/logo\/image\/","url":"https:\/\/bdsyachting.com\/wp-content\/uploads\/2022\/02\/logo.png","contentUrl":"https:\/\/bdsyachting.com\/wp-content\/uploads\/2022\/02\/logo.png","width":82,"height":74,"caption":"BDS Yachting"},"image":{"@id":"https:\/\/bdsyachting.com\/#\/schema\/logo\/image\/"}}]}},"_links":{"self":[{"href":"https:\/\/bdsyachting.com\/tr\/wp-json\/wp\/v2\/pages\/7134"}],"collection":[{"href":"https:\/\/bdsyachting.com\/tr\/wp-json\/wp\/v2\/pages"}],"about":[{"href":"https:\/\/bdsyachting.com\/tr\/wp-json\/wp\/v2\/types\/page"}],"author":[{"embeddable":true,"href":"https:\/\/bdsyachting.com\/tr\/wp-json\/wp\/v2\/users\/1"}],"replies":[{"embeddable":true,"href":"https:\/\/bdsyachting.com\/tr\/wp-json\/wp\/v2\/comments?post=7134"}],"version-history":[{"count":7,"href":"https:\/\/bdsyachting.com\/tr\/wp-json\/wp\/v2\/pages\/7134\/revisions"}],"predecessor-version":[{"id":7141,"href":"https:\/\/bdsyachting.com\/tr\/wp-json\/wp\/v2\/pages\/7134\/revisions\/7141"}],"wp:attachment":[{"href":"https:\/\/bdsyachting.com\/tr\/wp-json\/wp\/v2\/media?parent=7134"}],"curies":[{"name":"wp","href":"https:\/\/api.w.org\/{rel}","templated":true}]}}