{"id":7142,"date":"2021-07-28T14:10:34","date_gmt":"2021-07-28T14:10:34","guid":{"rendered":"https:\/\/bdsyachting.com\/about-us\/"},"modified":"2022-04-18T22:15:49","modified_gmt":"2022-04-18T22:15:49","slug":"about-us","status":"publish","type":"page","link":"https:\/\/bdsyachting.com\/tr\/hakkimizda\/","title":{"rendered":"Hakk\u0131m\u0131zda"},"content":{"rendered":"\t\t<div data-elementor-type=\"wp-page\" data-elementor-id=\"7142\" class=\"elementor elementor-7142 elementor-1593\" data-elementor-settings=\"[]\">\n\t\t\t\t\t\t\t<div class=\"elementor-section-wrap\">\n\t\t\t\t\t\t\t<section class=\"elementor-section elementor-top-section elementor-element elementor-element-b463df9 elementor-section-full_width qodef-elementor-content-grid elementor-section-height-default elementor-section-height-default\" data-id=\"b463df9\" data-element_type=\"section\" data-settings=\"{&quot;background_background&quot;:&quot;classic&quot;}\">\n\t\t\t\t\t\t<div class=\"elementor-container elementor-column-gap-no\">\n\t\t\t\t\t<div class=\"elementor-column elementor-col-100 elementor-top-column elementor-element elementor-element-ee92ff2\" data-id=\"ee92ff2\" data-element_type=\"column\">\n\t\t\t<div class=\"elementor-widget-wrap elementor-element-populated\">\n\t\t\t\t\t\t\t\t<div class=\"elementor-element elementor-element-2529464 elementor-widget elementor-widget-seafarer_core_section_title\" data-id=\"2529464\" data-element_type=\"widget\" data-widget_type=\"seafarer_core_section_title.default\">\n\t\t\t\t<div class=\"elementor-widget-container\">\n\t\t\t<div class=\"qodef-shortcode qodef-m  qodef-section-title qodef-alignment--center \">\n\t\t<div class=\"qodef-m-image\">\n\t\t<img width=\"74\" height=\"108\" src=\"https:\/\/bdsyachting.com\/wp-content\/uploads\/2021\/07\/Sidebar-img.png\" class=\"attachment-full size-full\" alt=\"a\" loading=\"lazy\" \/>\t<\/div>\n\t<div class=\"qodef-m-content\">\n\t\t    <span class=\"qodef-m-background-text\" >\n    KE\u015eFET    <\/span>\n\n\t\t\t\t\t<h1 class=\"qodef-m-title\" >\n\t\t\t\t\tBDS YACHTING\t\t\t<\/h1>\n\t\t\t<\/div>\n<\/div>\n\t\t<\/div>\n\t\t\t\t<\/div>\n\t\t\t\t\t<\/div>\n\t\t<\/div>\n\t\t\t\t\t\t\t<\/div>\n\t\t<\/section>\n\t\t\t\t<section class=\"elementor-section elementor-top-section elementor-element elementor-element-f2bf975 elementor-section-full_width elementor-section-height-default elementor-section-height-default qodef-elementor-content-no\" data-id=\"f2bf975\" data-element_type=\"section\">\n\t\t\t\t\t\t<div class=\"elementor-container elementor-column-gap-default\">\n\t\t\t\t\t<div class=\"elementor-column elementor-col-100 elementor-top-column elementor-element elementor-element-92caeff\" data-id=\"92caeff\" data-element_type=\"column\">\n\t\t\t<div class=\"elementor-widget-wrap elementor-element-populated\">\n\t\t\t\t\t\t\t\t<div class=\"elementor-element elementor-element-faf4173 elementor-widget__width-auto elementor-widget elementor-widget-seafarer_core_single_image\" data-id=\"faf4173\" data-element_type=\"widget\" data-widget_type=\"seafarer_core_single_image.default\">\n\t\t\t\t<div class=\"elementor-widget-container\">\n\t\t\t<div class=\"qodef-shortcode qodef-m  qodef-single-image qodef-layout--default   \"  >\n\t\t<span class=\"qodef-m-border--top-left\"><\/span>\n\t<span class=\"qodef-m-border--bottom-right\"><\/span>\n\t<div class=\"qodef-m-image\">\n\t\t\t\t\t<img width=\"1477\" height=\"521\" src=\"https:\/\/bdsyachting.com\/wp-content\/uploads\/2021\/07\/About-img-1.png\" class=\"attachment-full size-full\" alt=\"a\" loading=\"lazy\" srcset=\"https:\/\/bdsyachting.com\/wp-content\/uploads\/2021\/07\/About-img-1.png 1477w, https:\/\/bdsyachting.com\/wp-content\/uploads\/2021\/07\/About-img-1-300x106.png 300w, https:\/\/bdsyachting.com\/wp-content\/uploads\/2021\/07\/About-img-1-1024x361.png 1024w, https:\/\/bdsyachting.com\/wp-content\/uploads\/2021\/07\/About-img-1-768x271.png 768w, https:\/\/bdsyachting.com\/wp-content\/uploads\/2021\/07\/About-img-1-1320x466.png 1320w, https:\/\/bdsyachting.com\/wp-content\/uploads\/2021\/07\/About-img-1-600x212.png 600w\" sizes=\"(max-width: 1477px) 100vw, 1477px\" \/>\t\t\t<\/div>\n<\/div>\n\t\t<\/div>\n\t\t\t\t<\/div>\n\t\t\t\t\t<\/div>\n\t\t<\/div>\n\t\t\t\t\t\t\t<\/div>\n\t\t<\/section>\n\t\t\t\t<section class=\"elementor-section elementor-top-section elementor-element elementor-element-daa8333 elementor-section-full_width qodef-elementor-content-grid elementor-section-height-default elementor-section-height-default\" data-id=\"daa8333\" data-element_type=\"section\" data-settings=\"{&quot;background_background&quot;:&quot;classic&quot;}\">\n\t\t\t\t\t\t<div class=\"elementor-container elementor-column-gap-default\">\n\t\t\t\t\t<div class=\"elementor-column elementor-col-100 elementor-top-column elementor-element elementor-element-5ba6118\" data-id=\"5ba6118\" data-element_type=\"column\">\n\t\t\t<div class=\"elementor-widget-wrap elementor-element-populated\">\n\t\t\t\t\t\t\t\t<div class=\"elementor-element elementor-element-8f73989 elementor-widget elementor-widget-text-editor\" data-id=\"8f73989\" data-element_type=\"widget\" data-widget_type=\"text-editor.default\">\n\t\t\t\t<div class=\"elementor-widget-container\">\n\t\t\t<style>\/*! elementor - v3.5.6 - 28-02-2022 *\/\n.elementor-widget-text-editor.elementor-drop-cap-view-stacked .elementor-drop-cap{background-color:#818a91;color:#fff}.elementor-widget-text-editor.elementor-drop-cap-view-framed .elementor-drop-cap{color:#818a91;border:3px solid;background-color:transparent}.elementor-widget-text-editor:not(.elementor-drop-cap-view-default) .elementor-drop-cap{margin-top:8px}.elementor-widget-text-editor:not(.elementor-drop-cap-view-default) .elementor-drop-cap-letter{width:1em;height:1em}.elementor-widget-text-editor .elementor-drop-cap{float:left;text-align:center;line-height:1;font-size:50px}.elementor-widget-text-editor .elementor-drop-cap-letter{display:inline-block}<\/style>\t\t\t\t<p>BDS Yachting, yat kiralama ve yat sat\u0131\u015f\u0131n\u0131n yan\u0131 s\u0131ra, yat y\u00f6netimi ve yat imalat\u0131nda proje y\u00f6netimi hizmetleri sunan bir kurulu\u015ftur. \u015eirketimiz, dinamik ve deneyimli kadrosu ile size yat\u00e7\u0131l\u0131k alan\u0131nda en y\u00fcksek kalitede hizmet garantisi vermektedir.<\/p><p>M\u00fc\u015fteri memnuniyetinin sa\u011flanmas\u0131 ana ilkemizdir.\u00a0<\/p><p>Bizimle temasa ge\u00e7ti\u011finiz anda, sizinle birebir ilgilenecek alan\u0131nda tecr\u00fcbeli bir yetkilimiz irtibat\u0131n\u0131z olarak atanacak, ba\u015ftan sona yak\u0131n ilgi ile hizmet sunulacakt\u0131r.<\/p><p>Deneyimlerimiz bize, her m\u00fc\u015fterinin farkl\u0131 beklenti ve ihtiya\u00e7lar\u0131 oldu\u011funu, bu nedenle standart hizmet paketlerinin tatminsizli\u011fe yol a\u00e7abildi\u011fini g\u00f6stermi\u015ftir. Bu nedenle her bir m\u00fc\u015fterimizin talebini \u00f6zel ilgiyle ele al\u0131p azami tatmin ile sonu\u00e7land\u0131rmay\u0131 hedefliyoruz. Ne istedi\u011finizden emin olamad\u0131\u011f\u0131n\u0131z durumlarda size do\u011fru alternatifler sunmay\u0131, bu alternatifleri de\u011ferlendirmeyi, se\u00e7ti\u011finiz size \u00f6zel hizmeti en y\u00fcksek kalitede vermeyi hedefliyoruz.<\/p><p>Siz sadece bizimle hayalinizi payla\u015f\u0131n, biz sizin i\u00e7in ger\u00e7e\u011fe d\u00f6n\u00fc\u015ft\u00fcrelim.<br \/>Tekne tatiliniz \/\u00a0mavi yolculuk\u00a0i\u00e7in liman se\u00e7eneklerimiz:<br \/>Ege, Do\u011fu Akdeniz, Bati Akdeniz<br \/><br \/>T\u00fcrkiye\u00a0(Bodrum, Marmaris, Gocek, Fethiye, Kas, Kalkan, Kekova, Antalya, Kemer, Olympos, Finike vs.)<br \/>Yunanistan ve Yunan Adalar\u0131<br \/>Cyclades; Mikonos, Santorini, Ios, Paros, Naxos vs.<br \/>Dodecanese; Rodos, Kos, Simi, Patmos vs.<br \/>Ionian; Corfu, Paxos, Lefkas, Ithaca, Kefalonia vs.<br \/>Hirvatistan\u00a0(Zadar, Sibenik, Split, Dubrovnik, Biograd, Cres, Primosten, Pula, Rovinj, Sukosan, ve Trogir)<\/p>\t\t\t\t\t\t<\/div>\n\t\t\t\t<\/div>\n\t\t\t\t\t<\/div>\n\t\t<\/div>\n\t\t\t\t\t\t\t<\/div>\n\t\t<\/section>\n\t\t\t\t<section class=\"elementor-section elementor-top-section elementor-element elementor-element-61180f9 elementor-section-full_width qodef-elementor-content-grid elementor-section-height-default elementor-section-height-default\" data-id=\"61180f9\" data-element_type=\"section\" data-settings=\"{&quot;background_background&quot;:&quot;classic&quot;}\">\n\t\t\t\t\t\t<div class=\"elementor-container elementor-column-gap-default\">\n\t\t\t\t\t<div class=\"elementor-column elementor-col-100 elementor-top-column elementor-element elementor-element-51fcdf5\" data-id=\"51fcdf5\" data-element_type=\"column\">\n\t\t\t<div class=\"elementor-widget-wrap elementor-element-populated\">\n\t\t\t\t\t\t\t\t<div class=\"elementor-element elementor-element-1251744 elementor-widget elementor-widget-seafarer_core_section_title\" data-id=\"1251744\" data-element_type=\"widget\" data-widget_type=\"seafarer_core_section_title.default\">\n\t\t\t\t<div class=\"elementor-widget-container\">\n\t\t\t<div class=\"qodef-shortcode qodef-m  qodef-section-title qodef-alignment--center \">\n\t\t<div class=\"qodef-m-content\">\n\t\t    <span class=\"qodef-m-background-text\" >\n    TAKIM    <\/span>\n\n\t\t    <h6 class=\"qodef-m-subtitle\" >\n    BDS YACHTING    <\/h6>\n\t\t\t<h1 class=\"qodef-m-title\" style=\"margin-top: 8px\">\n\t\t\t\t\tEkibimizle Tan\u0131\u015f\u0131n\t\t\t<\/h1>\n\t\t\t<\/div>\n<\/div>\n\t\t<\/div>\n\t\t\t\t<\/div>\n\t\t\t\t\t<\/div>\n\t\t<\/div>\n\t\t\t\t\t\t\t<\/div>\n\t\t<\/section>\n\t\t\t\t<section class=\"elementor-section elementor-top-section elementor-element elementor-element-e149720 elementor-section-full_width qodef-elementor-content-grid elementor-section-height-default elementor-section-height-default\" data-id=\"e149720\" data-element_type=\"section\" data-settings=\"{&quot;background_background&quot;:&quot;classic&quot;}\">\n\t\t\t\t\t\t<div class=\"elementor-container elementor-column-gap-default\">\n\t\t\t\t\t<div class=\"elementor-column elementor-col-100 elementor-top-column elementor-element elementor-element-f686184\" data-id=\"f686184\" data-element_type=\"column\">\n\t\t\t<div class=\"elementor-widget-wrap elementor-element-populated\">\n\t\t\t\t\t\t\t\t<div class=\"elementor-element elementor-element-9ac8ab1 elementor-widget__width-auto elementor-widget elementor-widget-seafarer_core_team_list\" data-id=\"9ac8ab1\" data-element_type=\"widget\" data-widget_type=\"seafarer_core_team_list.default\">\n\t\t\t\t<div class=\"elementor-widget-container\">\n\t\t\t<div class=\"qodef-shortcode qodef-m  qodef-team-list qodef-item-layout--info-below qodef-grid qodef-layout--columns  qodef-gutter--large qodef-col-num--2 qodef-item-layout--info-below qodef--no-bottom-space qodef-pagination--off qodef-responsive--custom qodef-col-num--1440--2 qodef-col-num--1366--2 qodef-col-num--1024--2 qodef-col-num--768--2 qodef-col-num--680--1 qodef-col-num--480--1\" data-options=\"{&quot;plugin&quot;:&quot;seafarer_core&quot;,&quot;module&quot;:&quot;post-types\\\/team\\\/shortcodes&quot;,&quot;shortcode&quot;:&quot;team-list&quot;,&quot;post_type&quot;:&quot;team&quot;,&quot;next_page&quot;:&quot;2&quot;,&quot;max_pages_num&quot;:1,&quot;behavior&quot;:&quot;columns&quot;,&quot;images_proportion&quot;:&quot;full&quot;,&quot;columns&quot;:&quot;2&quot;,&quot;columns_responsive&quot;:&quot;custom&quot;,&quot;columns_1440&quot;:&quot;2&quot;,&quot;columns_1366&quot;:&quot;2&quot;,&quot;columns_1024&quot;:&quot;2&quot;,&quot;columns_768&quot;:&quot;2&quot;,&quot;columns_680&quot;:&quot;1&quot;,&quot;columns_480&quot;:&quot;1&quot;,&quot;space&quot;:&quot;large&quot;,&quot;posts_per_page&quot;:&quot;9&quot;,&quot;orderby&quot;:&quot;date&quot;,&quot;order&quot;:&quot;ASC&quot;,&quot;additional_params&quot;:&quot;tax&quot;,&quot;tax&quot;:&quot;team-category&quot;,&quot;tax_slug&quot;:&quot; team-1&quot;,&quot;layout&quot;:&quot;info-below&quot;,&quot;title_tag&quot;:&quot;h5&quot;,&quot;pagination_type&quot;:&quot;no-pagination&quot;,&quot;object_class_name&quot;:&quot;SeafarerCore_Team_List_Shortcode&quot;,&quot;taxonomy_filter&quot;:&quot;team-category&quot;,&quot;additional_query_args&quot;:{&quot;tax_query&quot;:[{&quot;taxonomy&quot;:&quot;team-category&quot;,&quot;field&quot;:&quot;slug&quot;,&quot;terms&quot;:&quot;team-1&quot;}]},&quot;item_classes&quot;:&quot;qodef-e qodef-grid-item &quot;,&quot;space_value&quot;:25}\">\n\t\t<div class=\"qodef-grid-inner clear\">\n\t\t<div class=\"qodef-e qodef-grid-item  post-304 team type-team status-publish has-post-thumbnail hentry\">\n\t<div class=\"qodef-e-inner\">\n\t\t<div class=\"qodef-e-image\">\n\t\t\t\t<span class=\"qodef-m-border--top-left\"><\/span>\n\t<span class=\"qodef-m-border--bottom-right\"><\/span>\n\t<div class=\"qodef-e-media-image\">\n\t\t\t\t\t<img width=\"142\" height=\"240\" src=\"https:\/\/bdsyachting.com\/wp-content\/uploads\/2021\/07\/WhatsApp-Image-2022-04-25-at-19.05.38-e1650903041861.jpeg\" class=\"attachment-full size-full wp-post-image\" alt=\"\" loading=\"lazy\" \/>\t\t\t<\/div>\n\t\t<\/div>\n\t\t<div class=\"qodef-e-content\" >\n\t\t\t<h5 itemprop=\"name\" class=\"qodef-e-title entry-title\" >\n\t\t\tDurmu\u015f Ali Konur\t<\/h5>\n\t\t\t\t<p class=\"qodef-e-role\">Head Of Sales<\/p>\n\t\t\t\t\t\t\t\t<\/div>\n\t<\/div>\n<\/div>\n<div class=\"qodef-e qodef-grid-item  post-305 team type-team status-publish has-post-thumbnail hentry team-category-team-1\">\n\t<div class=\"qodef-e-inner\">\n\t\t<div class=\"qodef-e-image\">\n\t\t\t\t<span class=\"qodef-m-border--top-left\"><\/span>\n\t<span class=\"qodef-m-border--bottom-right\"><\/span>\n\t<div class=\"qodef-e-media-image\">\n\t\t\t\t\t<img width=\"252\" height=\"249\" src=\"https:\/\/bdsyachting.com\/wp-content\/uploads\/2021\/07\/WhatsApp-Image-2022-04-25-at-18.39.56.jpeg\" class=\"attachment-full size-full wp-post-image\" alt=\"\" loading=\"lazy\" srcset=\"https:\/\/bdsyachting.com\/wp-content\/uploads\/2021\/07\/WhatsApp-Image-2022-04-25-at-18.39.56.jpeg 252w, https:\/\/bdsyachting.com\/wp-content\/uploads\/2021\/07\/WhatsApp-Image-2022-04-25-at-18.39.56-100x100.jpeg 100w\" sizes=\"(max-width: 252px) 100vw, 252px\" \/>\t\t\t<\/div>\n\t\t<\/div>\n\t\t<div class=\"qodef-e-content\" >\n\t\t\t<h5 itemprop=\"name\" class=\"qodef-e-title entry-title\" >\n\t\t\tBu\u011fra Mutlu\t<\/h5>\n\t\t\t\t<p class=\"qodef-e-role\">Charter Manager<\/p>\n\t\t\t\t\t\t\t\t<\/div>\n\t<\/div>\n<\/div>\n\t<\/div>\n\t<\/div>\n\t\t<\/div>\n\t\t\t\t<\/div>\n\t\t\t\t\t<\/div>\n\t\t<\/div>\n\t\t\t\t\t\t\t<\/div>\n\t\t<\/section>\n\t\t\t\t\t\t<\/div>\n\t\t\t\t\t<\/div>\n\t\t","protected":false},"excerpt":{"rendered":"<p>KE\u015eFET BDS YACHTING BDS Yachting, yat kiralama ve yat sat\u0131\u015f\u0131n\u0131n yan\u0131 s\u0131ra, yat y\u00f6netimi ve yat imalat\u0131nda proje y\u00f6netimi hizmetleri sunan bir kurulu\u015ftur. \u015eirketimiz, dinamik ve deneyimli kadrosu ile size yat\u00e7\u0131l\u0131k alan\u0131nda en y\u00fcksek kalitede hizmet garantisi vermektedir. M\u00fc\u015fteri memnuniyetinin sa\u011flanmas\u0131 ana ilkemizdir.\u00a0 Bizimle temasa ge\u00e7ti\u011finiz anda, sizinle birebir ilgilenecek alan\u0131nda tecr\u00fcbeli bir yetkilimiz irtibat\u0131n\u0131z [&hellip;]<\/p>\n","protected":false},"author":1,"featured_media":0,"parent":0,"menu_order":0,"comment_status":"closed","ping_status":"closed","template":"page-full-width.php","meta":[],"yoast_head":"<!-- This site is optimized with the Yoast SEO plugin v20.6 - https:\/\/yoast.com\/wordpress\/plugins\/seo\/ -->\n<title>Hakk\u0131m\u0131zda - BDS Yachting<\/title>\n<meta name=\"robots\" content=\"index, follow, max-snippet:-1, max-image-preview:large, max-video-preview:-1\" \/>\n<link rel=\"canonical\" href=\"https:\/\/bdsyachting.com\/tr\/hakkimizda\/\" \/>\n<meta property=\"og:locale\" content=\"tr_TR\" \/>\n<meta property=\"og:type\" content=\"article\" \/>\n<meta property=\"og:title\" content=\"Hakk\u0131m\u0131zda - BDS Yachting\" \/>\n<meta property=\"og:description\" content=\"KE\u015eFET BDS YACHTING BDS Yachting, yat kiralama ve yat sat\u0131\u015f\u0131n\u0131n yan\u0131 s\u0131ra, yat y\u00f6netimi ve yat imalat\u0131nda proje y\u00f6netimi hizmetleri sunan bir kurulu\u015ftur. \u015eirketimiz, dinamik ve deneyimli kadrosu ile size yat\u00e7\u0131l\u0131k alan\u0131nda en y\u00fcksek kalitede hizmet garantisi vermektedir. M\u00fc\u015fteri memnuniyetinin sa\u011flanmas\u0131 ana ilkemizdir.\u00a0 Bizimle temasa ge\u00e7ti\u011finiz anda, sizinle birebir ilgilenecek alan\u0131nda tecr\u00fcbeli bir yetkilimiz irtibat\u0131n\u0131z [&hellip;]\" \/>\n<meta property=\"og:url\" content=\"https:\/\/bdsyachting.com\/tr\/hakkimizda\/\" \/>\n<meta property=\"og:site_name\" content=\"BDS Yachting\" \/>\n<meta property=\"article:modified_time\" content=\"2022-04-18T22:15:49+00:00\" \/>\n<meta property=\"og:image\" content=\"https:\/\/bdsyachting.com\/wp-content\/uploads\/2021\/07\/Sidebar-img.png\" \/>\n<meta name=\"twitter:card\" content=\"summary_large_image\" \/>\n<meta name=\"twitter:label1\" content=\"Tahmini okuma s\u00fcresi\" \/>\n\t<meta name=\"twitter:data1\" content=\"3 dakika\" \/>\n<script type=\"application\/ld+json\" class=\"yoast-schema-graph\">{\"@context\":\"https:\/\/schema.org\",\"@graph\":[{\"@type\":\"WebPage\",\"@id\":\"https:\/\/bdsyachting.com\/tr\/hakkimizda\/\",\"url\":\"https:\/\/bdsyachting.com\/tr\/hakkimizda\/\",\"name\":\"Hakk\u0131m\u0131zda - BDS Yachting\",\"isPartOf\":{\"@id\":\"https:\/\/bdsyachting.com\/#website\"},\"datePublished\":\"2021-07-28T14:10:34+00:00\",\"dateModified\":\"2022-04-18T22:15:49+00:00\",\"breadcrumb\":{\"@id\":\"https:\/\/bdsyachting.com\/tr\/hakkimizda\/#breadcrumb\"},\"inLanguage\":\"tr\",\"potentialAction\":[{\"@type\":\"ReadAction\",\"target\":[\"https:\/\/bdsyachting.com\/tr\/hakkimizda\/\"]}]},{\"@type\":\"BreadcrumbList\",\"@id\":\"https:\/\/bdsyachting.com\/tr\/hakkimizda\/#breadcrumb\",\"itemListElement\":[{\"@type\":\"ListItem\",\"position\":1,\"name\":\"Home\",\"item\":\"https:\/\/bdsyachting.com\/tr\/\"},{\"@type\":\"ListItem\",\"position\":2,\"name\":\"Hakk\u0131m\u0131zda\"}]},{\"@type\":\"WebSite\",\"@id\":\"https:\/\/bdsyachting.com\/#website\",\"url\":\"https:\/\/bdsyachting.com\/\",\"name\":\"BDS Yachting\",\"description\":\"\",\"publisher\":{\"@id\":\"https:\/\/bdsyachting.com\/#organization\"},\"potentialAction\":[{\"@type\":\"SearchAction\",\"target\":{\"@type\":\"EntryPoint\",\"urlTemplate\":\"https:\/\/bdsyachting.com\/?s={search_term_string}\"},\"query-input\":\"required name=search_term_string\"}],\"inLanguage\":\"tr\"},{\"@type\":\"Organization\",\"@id\":\"https:\/\/bdsyachting.com\/#organization\",\"name\":\"BDS Yachting\",\"url\":\"https:\/\/bdsyachting.com\/\",\"logo\":{\"@type\":\"ImageObject\",\"inLanguage\":\"tr\",\"@id\":\"https:\/\/bdsyachting.com\/#\/schema\/logo\/image\/\",\"url\":\"https:\/\/bdsyachting.com\/wp-content\/uploads\/2022\/02\/logo.png\",\"contentUrl\":\"https:\/\/bdsyachting.com\/wp-content\/uploads\/2022\/02\/logo.png\",\"width\":82,\"height\":74,\"caption\":\"BDS Yachting\"},\"image\":{\"@id\":\"https:\/\/bdsyachting.com\/#\/schema\/logo\/image\/\"}}]}<\/script>\n<!-- \/ Yoast SEO plugin. -->","yoast_head_json":{"title":"Hakk\u0131m\u0131zda - BDS Yachting","robots":{"index":"index","follow":"follow","max-snippet":"max-snippet:-1","max-image-preview":"max-image-preview:large","max-video-preview":"max-video-preview:-1"},"canonical":"https:\/\/bdsyachting.com\/tr\/hakkimizda\/","og_locale":"tr_TR","og_type":"article","og_title":"Hakk\u0131m\u0131zda - BDS Yachting","og_description":"KE\u015eFET BDS YACHTING BDS Yachting, yat kiralama ve yat sat\u0131\u015f\u0131n\u0131n yan\u0131 s\u0131ra, yat y\u00f6netimi ve yat imalat\u0131nda proje y\u00f6netimi hizmetleri sunan bir kurulu\u015ftur. \u015eirketimiz, dinamik ve deneyimli kadrosu ile size yat\u00e7\u0131l\u0131k alan\u0131nda en y\u00fcksek kalitede hizmet garantisi vermektedir. M\u00fc\u015fteri memnuniyetinin sa\u011flanmas\u0131 ana ilkemizdir.\u00a0 Bizimle temasa ge\u00e7ti\u011finiz anda, sizinle birebir ilgilenecek alan\u0131nda tecr\u00fcbeli bir yetkilimiz irtibat\u0131n\u0131z [&hellip;]","og_url":"https:\/\/bdsyachting.com\/tr\/hakkimizda\/","og_site_name":"BDS Yachting","article_modified_time":"2022-04-18T22:15:49+00:00","og_image":[{"url":"https:\/\/bdsyachting.com\/wp-content\/uploads\/2021\/07\/Sidebar-img.png"}],"twitter_card":"summary_large_image","twitter_misc":{"Tahmini okuma s\u00fcresi":"3 dakika"},"schema":{"@context":"https:\/\/schema.org","@graph":[{"@type":"WebPage","@id":"https:\/\/bdsyachting.com\/tr\/hakkimizda\/","url":"https:\/\/bdsyachting.com\/tr\/hakkimizda\/","name":"Hakk\u0131m\u0131zda - BDS Yachting","isPartOf":{"@id":"https:\/\/bdsyachting.com\/#website"},"datePublished":"2021-07-28T14:10:34+00:00","dateModified":"2022-04-18T22:15:49+00:00","breadcrumb":{"@id":"https:\/\/bdsyachting.com\/tr\/hakkimizda\/#breadcrumb"},"inLanguage":"tr","potentialAction":[{"@type":"ReadAction","target":["https:\/\/bdsyachting.com\/tr\/hakkimizda\/"]}]},{"@type":"BreadcrumbList","@id":"https:\/\/bdsyachting.com\/tr\/hakkimizda\/#breadcrumb","itemListElement":[{"@type":"ListItem","position":1,"name":"Home","item":"https:\/\/bdsyachting.com\/tr\/"},{"@type":"ListItem","position":2,"name":"Hakk\u0131m\u0131zda"}]},{"@type":"WebSite","@id":"https:\/\/bdsyachting.com\/#website","url":"https:\/\/bdsyachting.com\/","name":"BDS Yachting","description":"","publisher":{"@id":"https:\/\/bdsyachting.com\/#organization"},"potentialAction":[{"@type":"SearchAction","target":{"@type":"EntryPoint","urlTemplate":"https:\/\/bdsyachting.com\/?s={search_term_string}"},"query-input":"required name=search_term_string"}],"inLanguage":"tr"},{"@type":"Organization","@id":"https:\/\/bdsyachting.com\/#organization","name":"BDS Yachting","url":"https:\/\/bdsyachting.com\/","logo":{"@type":"ImageObject","inLanguage":"tr","@id":"https:\/\/bdsyachting.com\/#\/schema\/logo\/image\/","url":"https:\/\/bdsyachting.com\/wp-content\/uploads\/2022\/02\/logo.png","contentUrl":"https:\/\/bdsyachting.com\/wp-content\/uploads\/2022\/02\/logo.png","width":82,"height":74,"caption":"BDS Yachting"},"image":{"@id":"https:\/\/bdsyachting.com\/#\/schema\/logo\/image\/"}}]}},"_links":{"self":[{"href":"https:\/\/bdsyachting.com\/tr\/wp-json\/wp\/v2\/pages\/7142"}],"collection":[{"href":"https:\/\/bdsyachting.com\/tr\/wp-json\/wp\/v2\/pages"}],"about":[{"href":"https:\/\/bdsyachting.com\/tr\/wp-json\/wp\/v2\/types\/page"}],"author":[{"embeddable":true,"href":"https:\/\/bdsyachting.com\/tr\/wp-json\/wp\/v2\/users\/1"}],"replies":[{"embeddable":true,"href":"https:\/\/bdsyachting.com\/tr\/wp-json\/wp\/v2\/comments?post=7142"}],"version-history":[{"count":4,"href":"https:\/\/bdsyachting.com\/tr\/wp-json\/wp\/v2\/pages\/7142\/revisions"}],"predecessor-version":[{"id":7146,"href":"https:\/\/bdsyachting.com\/tr\/wp-json\/wp\/v2\/pages\/7142\/revisions\/7146"}],"wp:attachment":[{"href":"https:\/\/bdsyachting.com\/tr\/wp-json\/wp\/v2\/media?parent=7142"}],"curies":[{"name":"wp","href":"https:\/\/api.w.org\/{rel}","templated":true}]}}